{"id":41,"date":"2017-06-21T15:18:51","date_gmt":"2017-06-21T15:18:51","guid":{"rendered":"http:\/\/areastudenti.scuolatao.com\/?page_id=41"},"modified":"2023-05-29T10:09:33","modified_gmt":"2023-05-29T10:09:33","slug":"tirocinio","status":"publish","type":"page","link":"https:\/\/www.scuolatao.com\/areastudenti\/tirocinio\/","title":{"rendered":"Tirocinio"},"content":{"rendered":"\n<p>I corsi di ScuolaTao includono diverse ore di pratica, che sono adeguate per iniziare a praticare nella disciplina studiata.<\/p>\n\n\n\n<h2 class=\"wp-block-heading\">Per il corso di Agopuntura<\/h2>\n\n\n\n<p><span style=\"font-size: 1rem;\">Gli allievi del cors<\/span>o di Agopuntura di Bologna possono richiedere di fare tirocinio presso gli ambulatori dei docenti convenzionati, che sono:<\/p>\n\n\n\n<ul class=\"wp-block-list\">\n<li>Dr.Filippo Castrovilli &#8211; Bologna via Di Corticella 89 &#8211; contattare alla mail <a href=\"mailto:filippo.castrovilli@gmail.com\">filippo.castrovilli@gmail.com<\/a> per prenotazione<\/li>\n\n\n\n<li>Dr. Camillo Luppini \u2013 Piacenza \u2013 contattare lo studio al numero 0523623168 per prenotazione (no mercoled\u00ec)<\/li>\n\n\n\n<li>Dr. Denis Poletto &#8211; Pordenone &#8211; contattare alla mail poletto@scuolatao.com<\/li>\n<\/ul>\n\n\n\n<h2 class=\"wp-block-heading\">Per il corso di Tuina<\/h2>\n\n\n\n<p>Gli allievi del corso di Tuina dovranno svolgere nel corso dei 3 anni attivit\u00e0 di pratica-tirocinio documentata, per un minimo di 100 ore. A tal scopo \u00e8 possibile documentare la pratica svolta in modo autonomo, frequentare tirocini con i docenti o altri momenti di esperienza professionale individuati da ScuolaTao. I dettagli saranno dati direttamente durante le lezioni del corso. Nel materiale didattico accessibile tramite utenza personale \u00e8 disponibile il modulo di riepilogo delle ore di tirocinio, stage o altri momenti di formazione extra scolastica, indispensabile per documentare la pratica-tirocinio svolta e necessario per ottenere l&#8217;attestato finale del corso.<\/p>\n\n\n\n<h2 class=\"wp-block-heading\">Tirocinio presso studi dei docenti<\/h2>\n\n\n\n<p>Il tirocinio presso gli studi dei docenti \u00e8 aperto a tutti gli allievi di tutti i corsi. L&#8217;allievo prende direttamente accordi con il docente, che dar\u00e0 accesso in base alla propria disponibilit\u00e0. Si tratta di un tirocinio passivo e non disturbante: l&#8217;allievo guarda e segue l&#8217;attivit\u00e0 del docente.<br>I docenti possono offrire, presso il proprio studio o presso la sede di ScuolaTao, momenti di tirocinio per gruppi di allievi, concordando con loro modalit\u00e0 e costi.<\/p>\n","protected":false},"excerpt":{"rendered":"<p>I corsi di ScuolaTao includono diverse ore di pratica, che sono adeguate per iniziare a praticare nella disciplina studiata. Per il corso di Agopuntura Gli allievi del corso di Agopuntura di Bologna possono richiedere di fare tirocinio presso gli ambulatori dei docenti convenzionati, che sono: Per il corso di Tuina Gli allievi del corso di &hellip; <\/p>\n<p class=\"link-more\"><a href=\"https:\/\/www.scuolatao.com\/areastudenti\/tirocinio\/\" class=\"more-link\">Leggi tutto<span class=\"screen-reader-text\"> &#8220;Tirocinio&#8221;<\/span><\/a><\/p>\n","protected":false},"author":1,"featured_media":0,"parent":0,"menu_order":0,"comment_status":"closed","ping_status":"closed","template":"page-static.php","meta":{"inline_featured_image":false,"footnotes":""},"class_list":["post-41","page","type-page","status-publish","hentry"],"acf":[],"yoast_head":"<!-- This site is optimized with the Yoast SEO plugin v24.4 - https:\/\/yoast.com\/wordpress\/plugins\/seo\/ -->\n<title>Tirocinio richiesto o consigliato a ScuolaTao, Scuola di Medicina Cinese<\/title>\n<meta name=\"description\" content=\"Indicazioni per chi volesse ulteriormente approfondire e per raggiungere il monte ore minimo di tirocinio richiesto o consigliato per alcuni corsi.\" \/>\n<meta name=\"robots\" content=\"index, follow, max-snippet:-1, max-image-preview:large, max-video-preview:-1\" \/>\n<link rel=\"canonical\" href=\"https:\/\/www.scuolatao.com\/areastudenti\/tirocinio\/\" \/>\n<meta property=\"og:locale\" content=\"it_IT\" \/>\n<meta property=\"og:type\" content=\"article\" \/>\n<meta property=\"og:title\" content=\"Tirocinio richiesto o consigliato a ScuolaTao, Scuola di Medicina Cinese\" \/>\n<meta property=\"og:description\" content=\"Indicazioni per chi volesse ulteriormente approfondire e per raggiungere il monte ore minimo di tirocinio richiesto o consigliato per alcuni corsi.\" \/>\n<meta property=\"og:url\" content=\"https:\/\/www.scuolatao.com\/areastudenti\/tirocinio\/\" \/>\n<meta property=\"og:site_name\" content=\"Area Studenti Scuolatao\" \/>\n<meta property=\"article:modified_time\" content=\"2023-05-29T10:09:33+00:00\" \/>\n<meta name=\"twitter:card\" content=\"summary_large_image\" \/>\n<meta name=\"twitter:label1\" content=\"Tempo di lettura stimato\" \/>\n\t<meta name=\"twitter:data1\" content=\"2 minuti\" \/>\n<script type=\"application\/ld+json\" class=\"yoast-schema-graph\">{\"@context\":\"https:\/\/schema.org\",\"@graph\":[{\"@type\":\"WebPage\",\"@id\":\"https:\/\/www.scuolatao.com\/areastudenti\/tirocinio\/\",\"url\":\"https:\/\/www.scuolatao.com\/areastudenti\/tirocinio\/\",\"name\":\"Tirocinio richiesto o consigliato a ScuolaTao, Scuola di Medicina Cinese\",\"isPartOf\":{\"@id\":\"https:\/\/www.scuolatao.com\/areastudenti\/#website\"},\"datePublished\":\"2017-06-21T15:18:51+00:00\",\"dateModified\":\"2023-05-29T10:09:33+00:00\",\"description\":\"Indicazioni per chi volesse ulteriormente approfondire e per raggiungere il monte ore minimo di tirocinio richiesto o consigliato per alcuni corsi.\",\"breadcrumb\":{\"@id\":\"https:\/\/www.scuolatao.com\/areastudenti\/tirocinio\/#breadcrumb\"},\"inLanguage\":\"it-IT\",\"potentialAction\":[{\"@type\":\"ReadAction\",\"target\":[\"https:\/\/www.scuolatao.com\/areastudenti\/tirocinio\/\"]}]},{\"@type\":\"BreadcrumbList\",\"@id\":\"https:\/\/www.scuolatao.com\/areastudenti\/tirocinio\/#breadcrumb\",\"itemListElement\":[{\"@type\":\"ListItem\",\"position\":1,\"name\":\"Home\",\"item\":\"https:\/\/www.scuolatao.com\/areastudenti\/\"},{\"@type\":\"ListItem\",\"position\":2,\"name\":\"Tirocinio\"}]},{\"@type\":\"WebSite\",\"@id\":\"https:\/\/www.scuolatao.com\/areastudenti\/#website\",\"url\":\"https:\/\/www.scuolatao.com\/areastudenti\/\",\"name\":\"Area Studenti Scuolatao\",\"description\":\"Scuola di Medicina Cinese a Bologna, Milano, Roma e Canton Ticino.\",\"potentialAction\":[{\"@type\":\"SearchAction\",\"target\":{\"@type\":\"EntryPoint\",\"urlTemplate\":\"https:\/\/www.scuolatao.com\/areastudenti\/?s={search_term_string}\"},\"query-input\":{\"@type\":\"PropertyValueSpecification\",\"valueRequired\":true,\"valueName\":\"search_term_string\"}}],\"inLanguage\":\"it-IT\"}]}<\/script>\n<!-- \/ Yoast SEO plugin. -->","yoast_head_json":{"title":"Tirocinio richiesto o consigliato a ScuolaTao, Scuola di Medicina Cinese","description":"Indicazioni per chi volesse ulteriormente approfondire e per raggiungere il monte ore minimo di tirocinio richiesto o consigliato per alcuni corsi.","robots":{"index":"index","follow":"follow","max-snippet":"max-snippet:-1","max-image-preview":"max-image-preview:large","max-video-preview":"max-video-preview:-1"},"canonical":"https:\/\/www.scuolatao.com\/areastudenti\/tirocinio\/","og_locale":"it_IT","og_type":"article","og_title":"Tirocinio richiesto o consigliato a ScuolaTao, Scuola di Medicina Cinese","og_description":"Indicazioni per chi volesse ulteriormente approfondire e per raggiungere il monte ore minimo di tirocinio richiesto o consigliato per alcuni corsi.","og_url":"https:\/\/www.scuolatao.com\/areastudenti\/tirocinio\/","og_site_name":"Area Studenti Scuolatao","article_modified_time":"2023-05-29T10:09:33+00:00","twitter_card":"summary_large_image","twitter_misc":{"Tempo di lettura stimato":"2 minuti"},"schema":{"@context":"https:\/\/schema.org","@graph":[{"@type":"WebPage","@id":"https:\/\/www.scuolatao.com\/areastudenti\/tirocinio\/","url":"https:\/\/www.scuolatao.com\/areastudenti\/tirocinio\/","name":"Tirocinio richiesto o consigliato a ScuolaTao, Scuola di Medicina Cinese","isPartOf":{"@id":"https:\/\/www.scuolatao.com\/areastudenti\/#website"},"datePublished":"2017-06-21T15:18:51+00:00","dateModified":"2023-05-29T10:09:33+00:00","description":"Indicazioni per chi volesse ulteriormente approfondire e per raggiungere il monte ore minimo di tirocinio richiesto o consigliato per alcuni corsi.","breadcrumb":{"@id":"https:\/\/www.scuolatao.com\/areastudenti\/tirocinio\/#breadcrumb"},"inLanguage":"it-IT","potentialAction":[{"@type":"ReadAction","target":["https:\/\/www.scuolatao.com\/areastudenti\/tirocinio\/"]}]},{"@type":"BreadcrumbList","@id":"https:\/\/www.scuolatao.com\/areastudenti\/tirocinio\/#breadcrumb","itemListElement":[{"@type":"ListItem","position":1,"name":"Home","item":"https:\/\/www.scuolatao.com\/areastudenti\/"},{"@type":"ListItem","position":2,"name":"Tirocinio"}]},{"@type":"WebSite","@id":"https:\/\/www.scuolatao.com\/areastudenti\/#website","url":"https:\/\/www.scuolatao.com\/areastudenti\/","name":"Area Studenti Scuolatao","description":"Scuola di Medicina Cinese a Bologna, Milano, Roma e Canton Ticino.","potentialAction":[{"@type":"SearchAction","target":{"@type":"EntryPoint","urlTemplate":"https:\/\/www.scuolatao.com\/areastudenti\/?s={search_term_string}"},"query-input":{"@type":"PropertyValueSpecification","valueRequired":true,"valueName":"search_term_string"}}],"inLanguage":"it-IT"}]}},"_links":{"self":[{"href":"https:\/\/www.scuolatao.com\/areastudenti\/wp-json\/wp\/v2\/pages\/41","targetHints":{"allow":["GET"]}}],"collection":[{"href":"https:\/\/www.scuolatao.com\/areastudenti\/wp-json\/wp\/v2\/pages"}],"about":[{"href":"https:\/\/www.scuolatao.com\/areastudenti\/wp-json\/wp\/v2\/types\/page"}],"author":[{"embeddable":true,"href":"https:\/\/www.scuolatao.com\/areastudenti\/wp-json\/wp\/v2\/users\/1"}],"replies":[{"embeddable":true,"href":"https:\/\/www.scuolatao.com\/areastudenti\/wp-json\/wp\/v2\/comments?post=41"}],"version-history":[{"count":14,"href":"https:\/\/www.scuolatao.com\/areastudenti\/wp-json\/wp\/v2\/pages\/41\/revisions"}],"predecessor-version":[{"id":1489,"href":"https:\/\/www.scuolatao.com\/areastudenti\/wp-json\/wp\/v2\/pages\/41\/revisions\/1489"}],"wp:attachment":[{"href":"https:\/\/www.scuolatao.com\/areastudenti\/wp-json\/wp\/v2\/media?parent=41"}],"curies":[{"name":"wp","href":"https:\/\/api.w.org\/{rel}","templated":true}]}}