{"id":47,"date":"2017-06-21T15:19:31","date_gmt":"2017-06-21T15:19:31","guid":{"rendered":"http:\/\/areastudenti.scuolatao.com\/?page_id=47"},"modified":"2024-12-13T09:29:51","modified_gmt":"2024-12-13T09:29:51","slug":"convenzioni","status":"publish","type":"page","link":"https:\/\/www.scuolatao.com\/areastudenti\/convenzioni\/","title":{"rendered":"Convenzioni"},"content":{"rendered":"\n<p><em>Riservate ad allievi e tesserati ScuolaTao<\/em><\/p>\n\n\n\n<h3 class=\"wp-block-heading\"><img loading=\"lazy\" decoding=\"async\" class=\"wp-image-1056 size-full alignleft\" src=\"https:\/\/www.scuolatao.com\/areastudenti\/wp-content\/uploads\/sites\/2\/2022\/11\/logo-pendragon-collaborazioni2.png\" alt=\"NoiEdizioni\" width=\"75\" height=\"75\">Edizioni Pendragon<\/h3>\n\n\n\n<p>Edizioni Pendragon applica uno sconto agli allievi, tesserati e docenti ScuolaTao del 10% su tutto il catalogo.<br>Sono edite da Pendragon alcune pubblicazioni di ScuolaTao e in particolare: il manuale adottato nei corsi &#8220;<a href=\"https:\/\/www.scuolatao.com\/scuolatao\/pubblicazioni\/#manualeMTC\">Le basi della Medicina Cinese. Fondamenti filosofici, fisiologia, eziologia<\/a>&#8221; di Massimo Muccioli; &#8220;<a href=\"https:\/\/www.scuolatao.com\/scuolatao\/pubblicazioni\/#libro_abbracciotao\">L&#8217;abbraccio del Tao<\/a>&#8221; sulla sessualit\u00e0 taoista di Massimo Muccioli; il libro di ricette &#8220;<a href=\"https:\/\/www.scuolatao.com\/scuolatao\/pubblicazioni\/#TaoFornelli\">Il Tao e l\u2019arte dei fornelli<\/a>&#8221; di Tritto, Tonino, Wallnoefer, Rapini.<br><br>Contattare <a href=\"mailto:info@pendragon.it\">info@pendragon.it<\/a><br><a href=\"https:\/\/pendragon.it\/\" target=\"_blank\" rel=\"noreferrer noopener nofollow\">Consulta il catalogo di Edizioni Pendragon<\/a><\/p>\n\n\n\n<p class=\"has-text-align-right\"><em>Convenzione aggiornata 2024<\/em><\/p>\n\n\n\n<h3 class=\"wp-block-heading\"><img loading=\"lazy\" decoding=\"async\" class=\"wp-image-1056 size-full alignleft\" src=\"https:\/\/www.scuolatao.com\/areastudenti\/wp-content\/uploads\/sites\/2\/2021\/03\/NoiEdizioni-logo.jpg\" alt=\"NoiEdizioni\" width=\"75\" height=\"75\">NOI edizioni Network Olistico Internazionale Edizioni<\/h3>\n\n\n\n<p>NOI edizioni applica uno sconto agli allievi, tesserati e docenti ScuolaTao del 10% su tutto il catalogo e il 15% sul manuale di Tuina.<br>Contattare <a class=\"moz-txt-link-abbreviated\" href=\"mailto:info@noiedizioni.com\">info@noiedizioni.com<\/a><br><a href=\"https:\/\/www.noiedizioni.com\/\" target=\"_blank\" rel=\"noreferrer noopener nofollow\">Consulta il catalogo di Noi edizioni<\/a><\/p>\n\n\n\n<p class=\"has-text-align-right\"><em>Convenzione aggiornata 2024<\/em><\/p>\n\n\n\n<h3 class=\"wp-block-heading\"><img loading=\"lazy\" decoding=\"async\" class=\"alignleft wp-image-422 size-full\" src=\"https:\/\/www.scuolatao.com\/areastudenti\/wp-content\/uploads\/sites\/2\/2018\/01\/qiutian-logo.png\" alt=\"QIU TIAN\" width=\"75\" height=\"75\">QIU TIAN &#8211; Prodotti agopuntura, aghi per agopuntura, erbe cinesi e tonici<\/h3>\n\n\n\n<p>Per gli allievi, tesserati e docenti di ScuolaTao, Qiu Tian applica uno sconto del 15% sui farmaci, i kit e gli oli.<br>Segnaliamo inoltre sconti per l&#8217;acquisto di aghi&nbsp; in base alle quantit\u00e0 (20 \/ 50 \/&nbsp; 100 scatole) e gli sconti periodici che Qiu Tian segnala sul suo sito e nella newsletter<br><a href=\"https:\/\/www.qiutian.eu\" target=\"_blank\" rel=\"noreferrer noopener nofollow\">Link al sito QIU TIAN<\/a><\/p>\n\n\n\n<p class=\"has-text-align-right\"><em>Convenzione aggiornata 2024<\/em><\/p>\n\n\n\n<h3 class=\"wp-block-heading\"><img loading=\"lazy\" decoding=\"async\" width=\"75\" height=\"75\" class=\"alignleft\" src=\"https:\/\/www.scuolatao.com\/areastudenti\/wp-content\/uploads\/sites\/2\/2022\/12\/zuccari-logo.png\">Zuccari e Olistica MDT &#8211; Penne Cromopuntura e altri prodotti<\/h3>\n\n\n\n<p>Per gli allievi, tesserati e docenti di ScuolaTao, Zuccari srl applica uno sconto del 20% sulle penne di Cromopuntura e altri prodotti del suo catalogo.<br>Per usufruire dello sconto chiedere il codice scrivendo a <a href=\"mailto:info@scuolatao.com\">info@scuolatao.com<\/a><br><a href=\"https:\/\/www.olisticamdt.com\/\" target=\"_blank\" rel=\"noreferrer noopener nofollow\">Link al sito di Zuccari srl\/Olistica MDT<\/a><\/p>\n\n\n\n<p class=\"has-text-align-right\"><em>Convenzione 2023<\/em><\/p>\n\n\n\n<p><\/p>\n\n\n\n<h3 class=\"wp-block-heading\"><img loading=\"lazy\" decoding=\"async\" class=\"alignleft wp-image-427 size-full\" src=\"https:\/\/www.scuolatao.com\/areastudenti\/wp-content\/uploads\/sites\/2\/2018\/01\/claptzu.png\" alt=\"Clap Tzu\" width=\"75\" height=\"75\">Clap Tzu &#8211; articoli per benessere<\/h3>\n\n\n\n<p>Per usufruire dello sconto su ogni acquisto \u00e8 sufficiente inserire nello spazio riservato ai BUONI SCONTO il codice riservato. Il sito calcoler\u00e0 in automatico lo sconto del 10%.<br>\u00c8 possibile archiviare il codice sconto, in modo da poterlo usare altre volte.<br>Puoi contattare la <a href=\"https:\/\/www.scuolatao.com\/contact\/segreteria-generale\/\">segreteria generale ScuolaTao<\/a> o direttamente Clap Tzu per avere il codice sconto.<\/p>\n\n\n\n<p>Tel: 3666984166<br>email: <a href=\"mailto:info@claptzu.it\">info@claptzu.it<\/a><br><a href=\"https:\/\/www.claptzu.it\/\" target=\"_blank\" rel=\"noreferrer noopener nofollow\">Link alla pagina CLAPTZU<\/a><\/p>\n\n\n\n<p class=\"has-text-align-right\"><em>Convenzione aggiornata 2022<\/em><\/p>\n\n\n\n<h3 class=\"wp-block-heading\">Benessere.sm<\/h3>\n\n\n\n<p>Sito per acquisiti online di <a href=\"https:\/\/www.benessere.sm\/categoria-prodotto\/alimenti-bio-e-gluten-free\/?utm_source=link&amp;utm_medium=affiliati&amp;utm_campaign=massimo_muccioli\" target=\"_blank\" rel=\"noreferrer noopener nofollow\">prodotti di alimentazione biologici<\/a> e a prezzi competitivi.<br>Non sono previsti sconti particolari in convenzione ScuolaTao.<\/p>\n\n\n\n<p class=\"has-text-align-right\"><em>Convenzione aggiornata 2022<\/em><\/p>\n\n\n\n<h3 class=\"wp-block-heading\">Polizza assicurativa RC professionale<\/h3>\n\n\n\n<p>MP Broker, consulenza ed intermediazione assicurativa, propone per gli allievi e tesserati ScuolaTao una polizza assicurativa RC professionale agopuntura, naturopatia, massaggio, manipolazione, farmacologia cinese, alimentazione, moxibustione, laserterapia.<br><a href=\"https:\/\/www.scuolatao.com\/areastudenti\/wp-content\/uploads\/sites\/2\/2017\/09\/RC_PROFESSIONALE_MEDICINA_TRADIZIONALE_CINESE_MPBROKER_set2017.pdf\" target=\"_blank\" rel=\"noopener noreferrer\">Clicca qui per scaricare la proposta assicurativa<\/a><\/p>\n\n\n\n<p>Per ulteriori informazioni contattare:<\/p>\n\n\n\n<p>MP BROKER &#8211; dott. Mirco Di Basilio<br>Consulenza ed Intermediazione Assicurativa<br>via Rizzoli, 4 &#8211; 40125 Bologna<br>Tel:&nbsp; 051-0075956 fax 051-0545396<br>email: <a href=\"mailto:dibasilio@mp-broker.it\">dibasilio@mp-broker.it<\/a><\/p>\n\n\n\n<p class=\"has-text-align-right\"><em>Convenzione aggiornata 2022<\/em><\/p>\n\n\n\n<h3 class=\"wp-block-heading\"><img loading=\"lazy\" decoding=\"async\" class=\"alignleft wp-image-423 size-full\" src=\"https:\/\/www.scuolatao.com\/areastudenti\/wp-content\/uploads\/sites\/2\/2018\/01\/tcm-kongress-logo.jpg\" alt=\"TCM KONGRESS\" width=\"75\" height=\"75\">TCM KONGRESS &#8211; Rothenburg o.d.T (Germania)<\/h3>\n\n\n\n<p>Gli allievi che intendono partecipare al TCM Kongress, che annualmente si svolge a Rothenburg o.d.T. in Germania, possono usufruire del prezzo per <em>Members of ETCMA societies, <\/em>grazie all&#8217;accordo stipulato da ScuolaTao.<\/p>\n","protected":false},"excerpt":{"rendered":"<p>Riservate ad allievi e tesserati ScuolaTao Edizioni Pendragon Edizioni Pendragon applica uno sconto agli allievi, tesserati e docenti ScuolaTao del 10% su tutto il catalogo.Sono edite da Pendragon alcune pubblicazioni di ScuolaTao e in particolare: il manuale adottato nei corsi &#8220;Le basi della Medicina Cinese. Fondamenti filosofici, fisiologia, eziologia&#8221; di Massimo Muccioli; &#8220;L&#8217;abbraccio del Tao&#8221; &hellip; <\/p>\n<p class=\"link-more\"><a href=\"https:\/\/www.scuolatao.com\/areastudenti\/convenzioni\/\" class=\"more-link\">Leggi tutto<span class=\"screen-reader-text\"> &#8220;Convenzioni&#8221;<\/span><\/a><\/p>\n","protected":false},"author":1,"featured_media":0,"parent":0,"menu_order":0,"comment_status":"closed","ping_status":"closed","template":"page-static.php","meta":{"inline_featured_image":false,"footnotes":""},"class_list":["post-47","page","type-page","status-publish","hentry"],"acf":[],"yoast_head":"<!-- This site is optimized with the Yoast SEO plugin v24.4 - https:\/\/yoast.com\/wordpress\/plugins\/seo\/ -->\n<title>Convenzioni riservate ad allievi e tesserati ScuolaTao, Scuola di MTC<\/title>\n<meta name=\"description\" content=\"ScuolaTao ha attivato una serie di convenzioni con diverse aziende che consentono di usufruire di uno sconto o di altre promozioni speciali.\" \/>\n<meta name=\"robots\" content=\"index, follow, max-snippet:-1, max-image-preview:large, max-video-preview:-1\" \/>\n<link rel=\"canonical\" href=\"https:\/\/www.scuolatao.com\/areastudenti\/convenzioni\/\" \/>\n<meta property=\"og:locale\" content=\"it_IT\" \/>\n<meta property=\"og:type\" content=\"article\" \/>\n<meta property=\"og:title\" content=\"Convenzioni riservate ad allievi e tesserati ScuolaTao, Scuola di MTC\" \/>\n<meta property=\"og:description\" content=\"ScuolaTao ha attivato una serie di convenzioni con diverse aziende che consentono di usufruire di uno sconto o di altre promozioni speciali.\" \/>\n<meta property=\"og:url\" content=\"https:\/\/www.scuolatao.com\/areastudenti\/convenzioni\/\" \/>\n<meta property=\"og:site_name\" content=\"Area Studenti Scuolatao\" \/>\n<meta property=\"article:modified_time\" content=\"2024-12-13T09:29:51+00:00\" \/>\n<meta property=\"og:image\" content=\"https:\/\/www.scuolatao.com\/areastudenti\/wp-content\/uploads\/sites\/2\/2022\/11\/logo-pendragon-collaborazioni2.png\" \/>\n<meta name=\"twitter:card\" content=\"summary_large_image\" \/>\n<meta name=\"twitter:label1\" content=\"Tempo di lettura stimato\" \/>\n\t<meta name=\"twitter:data1\" content=\"4 minuti\" \/>\n<script type=\"application\/ld+json\" class=\"yoast-schema-graph\">{\"@context\":\"https:\/\/schema.org\",\"@graph\":[{\"@type\":\"WebPage\",\"@id\":\"https:\/\/www.scuolatao.com\/areastudenti\/convenzioni\/\",\"url\":\"https:\/\/www.scuolatao.com\/areastudenti\/convenzioni\/\",\"name\":\"Convenzioni riservate ad allievi e tesserati ScuolaTao, Scuola di MTC\",\"isPartOf\":{\"@id\":\"https:\/\/www.scuolatao.com\/areastudenti\/#website\"},\"primaryImageOfPage\":{\"@id\":\"https:\/\/www.scuolatao.com\/areastudenti\/convenzioni\/#primaryimage\"},\"image\":{\"@id\":\"https:\/\/www.scuolatao.com\/areastudenti\/convenzioni\/#primaryimage\"},\"thumbnailUrl\":\"https:\/\/www.scuolatao.com\/areastudenti\/wp-content\/uploads\/sites\/2\/2022\/11\/logo-pendragon-collaborazioni2.png\",\"datePublished\":\"2017-06-21T15:19:31+00:00\",\"dateModified\":\"2024-12-13T09:29:51+00:00\",\"description\":\"ScuolaTao ha attivato una serie di convenzioni con diverse aziende che consentono di usufruire di uno sconto o di altre promozioni speciali.\",\"breadcrumb\":{\"@id\":\"https:\/\/www.scuolatao.com\/areastudenti\/convenzioni\/#breadcrumb\"},\"inLanguage\":\"it-IT\",\"potentialAction\":[{\"@type\":\"ReadAction\",\"target\":[\"https:\/\/www.scuolatao.com\/areastudenti\/convenzioni\/\"]}]},{\"@type\":\"ImageObject\",\"inLanguage\":\"it-IT\",\"@id\":\"https:\/\/www.scuolatao.com\/areastudenti\/convenzioni\/#primaryimage\",\"url\":\"https:\/\/www.scuolatao.com\/areastudenti\/wp-content\/uploads\/sites\/2\/2022\/11\/logo-pendragon-collaborazioni2.png\",\"contentUrl\":\"https:\/\/www.scuolatao.com\/areastudenti\/wp-content\/uploads\/sites\/2\/2022\/11\/logo-pendragon-collaborazioni2.png\",\"width\":75,\"height\":75},{\"@type\":\"BreadcrumbList\",\"@id\":\"https:\/\/www.scuolatao.com\/areastudenti\/convenzioni\/#breadcrumb\",\"itemListElement\":[{\"@type\":\"ListItem\",\"position\":1,\"name\":\"Home\",\"item\":\"https:\/\/www.scuolatao.com\/areastudenti\/\"},{\"@type\":\"ListItem\",\"position\":2,\"name\":\"Convenzioni\"}]},{\"@type\":\"WebSite\",\"@id\":\"https:\/\/www.scuolatao.com\/areastudenti\/#website\",\"url\":\"https:\/\/www.scuolatao.com\/areastudenti\/\",\"name\":\"Area Studenti Scuolatao\",\"description\":\"Scuola di Medicina Cinese a Bologna, Milano, Roma e Canton Ticino.\",\"potentialAction\":[{\"@type\":\"SearchAction\",\"target\":{\"@type\":\"EntryPoint\",\"urlTemplate\":\"https:\/\/www.scuolatao.com\/areastudenti\/?s={search_term_string}\"},\"query-input\":{\"@type\":\"PropertyValueSpecification\",\"valueRequired\":true,\"valueName\":\"search_term_string\"}}],\"inLanguage\":\"it-IT\"}]}<\/script>\n<!-- \/ Yoast SEO plugin. -->","yoast_head_json":{"title":"Convenzioni riservate ad allievi e tesserati ScuolaTao, Scuola di MTC","description":"ScuolaTao ha attivato una serie di convenzioni con diverse aziende che consentono di usufruire di uno sconto o di altre promozioni speciali.","robots":{"index":"index","follow":"follow","max-snippet":"max-snippet:-1","max-image-preview":"max-image-preview:large","max-video-preview":"max-video-preview:-1"},"canonical":"https:\/\/www.scuolatao.com\/areastudenti\/convenzioni\/","og_locale":"it_IT","og_type":"article","og_title":"Convenzioni riservate ad allievi e tesserati ScuolaTao, Scuola di MTC","og_description":"ScuolaTao ha attivato una serie di convenzioni con diverse aziende che consentono di usufruire di uno sconto o di altre promozioni speciali.","og_url":"https:\/\/www.scuolatao.com\/areastudenti\/convenzioni\/","og_site_name":"Area Studenti Scuolatao","article_modified_time":"2024-12-13T09:29:51+00:00","og_image":[{"url":"https:\/\/www.scuolatao.com\/areastudenti\/wp-content\/uploads\/sites\/2\/2022\/11\/logo-pendragon-collaborazioni2.png","type":"","width":"","height":""}],"twitter_card":"summary_large_image","twitter_misc":{"Tempo di lettura stimato":"4 minuti"},"schema":{"@context":"https:\/\/schema.org","@graph":[{"@type":"WebPage","@id":"https:\/\/www.scuolatao.com\/areastudenti\/convenzioni\/","url":"https:\/\/www.scuolatao.com\/areastudenti\/convenzioni\/","name":"Convenzioni riservate ad allievi e tesserati ScuolaTao, Scuola di MTC","isPartOf":{"@id":"https:\/\/www.scuolatao.com\/areastudenti\/#website"},"primaryImageOfPage":{"@id":"https:\/\/www.scuolatao.com\/areastudenti\/convenzioni\/#primaryimage"},"image":{"@id":"https:\/\/www.scuolatao.com\/areastudenti\/convenzioni\/#primaryimage"},"thumbnailUrl":"https:\/\/www.scuolatao.com\/areastudenti\/wp-content\/uploads\/sites\/2\/2022\/11\/logo-pendragon-collaborazioni2.png","datePublished":"2017-06-21T15:19:31+00:00","dateModified":"2024-12-13T09:29:51+00:00","description":"ScuolaTao ha attivato una serie di convenzioni con diverse aziende che consentono di usufruire di uno sconto o di altre promozioni speciali.","breadcrumb":{"@id":"https:\/\/www.scuolatao.com\/areastudenti\/convenzioni\/#breadcrumb"},"inLanguage":"it-IT","potentialAction":[{"@type":"ReadAction","target":["https:\/\/www.scuolatao.com\/areastudenti\/convenzioni\/"]}]},{"@type":"ImageObject","inLanguage":"it-IT","@id":"https:\/\/www.scuolatao.com\/areastudenti\/convenzioni\/#primaryimage","url":"https:\/\/www.scuolatao.com\/areastudenti\/wp-content\/uploads\/sites\/2\/2022\/11\/logo-pendragon-collaborazioni2.png","contentUrl":"https:\/\/www.scuolatao.com\/areastudenti\/wp-content\/uploads\/sites\/2\/2022\/11\/logo-pendragon-collaborazioni2.png","width":75,"height":75},{"@type":"BreadcrumbList","@id":"https:\/\/www.scuolatao.com\/areastudenti\/convenzioni\/#breadcrumb","itemListElement":[{"@type":"ListItem","position":1,"name":"Home","item":"https:\/\/www.scuolatao.com\/areastudenti\/"},{"@type":"ListItem","position":2,"name":"Convenzioni"}]},{"@type":"WebSite","@id":"https:\/\/www.scuolatao.com\/areastudenti\/#website","url":"https:\/\/www.scuolatao.com\/areastudenti\/","name":"Area Studenti Scuolatao","description":"Scuola di Medicina Cinese a Bologna, Milano, Roma e Canton Ticino.","potentialAction":[{"@type":"SearchAction","target":{"@type":"EntryPoint","urlTemplate":"https:\/\/www.scuolatao.com\/areastudenti\/?s={search_term_string}"},"query-input":{"@type":"PropertyValueSpecification","valueRequired":true,"valueName":"search_term_string"}}],"inLanguage":"it-IT"}]}},"_links":{"self":[{"href":"https:\/\/www.scuolatao.com\/areastudenti\/wp-json\/wp\/v2\/pages\/47","targetHints":{"allow":["GET"]}}],"collection":[{"href":"https:\/\/www.scuolatao.com\/areastudenti\/wp-json\/wp\/v2\/pages"}],"about":[{"href":"https:\/\/www.scuolatao.com\/areastudenti\/wp-json\/wp\/v2\/types\/page"}],"author":[{"embeddable":true,"href":"https:\/\/www.scuolatao.com\/areastudenti\/wp-json\/wp\/v2\/users\/1"}],"replies":[{"embeddable":true,"href":"https:\/\/www.scuolatao.com\/areastudenti\/wp-json\/wp\/v2\/comments?post=47"}],"version-history":[{"count":41,"href":"https:\/\/www.scuolatao.com\/areastudenti\/wp-json\/wp\/v2\/pages\/47\/revisions"}],"predecessor-version":[{"id":1672,"href":"https:\/\/www.scuolatao.com\/areastudenti\/wp-json\/wp\/v2\/pages\/47\/revisions\/1672"}],"wp:attachment":[{"href":"https:\/\/www.scuolatao.com\/areastudenti\/wp-json\/wp\/v2\/media?parent=47"}],"curies":[{"name":"wp","href":"https:\/\/api.w.org\/{rel}","templated":true}]}}